{"id":2658,"date":"2023-05-15T10:44:06","date_gmt":"2023-05-15T10:44:06","guid":{"rendered":"https:\/\/abacusan.hu\/contact\/"},"modified":"2025-01-14T13:29:29","modified_gmt":"2025-01-14T13:29:29","slug":"contact","status":"publish","type":"page","link":"http:\/\/abacusan.hu\/en\/contact\/","title":{"rendered":"Contact"},"content":{"rendered":"\t\t<div data-elementor-type=\"wp-page\" data-elementor-id=\"2658\" class=\"elementor elementor-2658 elementor-39\">\n\t\t\t\t<div class=\"elementor-element elementor-element-6c52ce7 e-flex e-con-boxed e-con e-parent\" data-id=\"6c52ce7\" data-element_type=\"container\" data-e-type=\"container\">\n\t\t\t\t\t<div class=\"e-con-inner\">\n\t\t<div class=\"elementor-element elementor-element-1bc4523 e-con-full e-flex e-con e-child\" data-id=\"1bc4523\" data-element_type=\"container\" data-e-type=\"container\">\n\t\t\t\t<div class=\"elementor-element elementor-element-dbc6b46 elementor-widget elementor-widget-html\" data-id=\"dbc6b46\" data-element_type=\"widget\" data-e-type=\"widget\" data-widget_type=\"html.default\">\n\t\t\t\t<div class=\"elementor-widget-container\">\n\t\t\t\t\t<iframe src=\"https:\/\/www.google.com\/maps\/embed?pb=!1m18!1m12!1m3!1d2696.459322162679!2d19.066890092290997!3d47.480964722338946!2m3!1f0!2f0!3f0!3m2!1i1024!2i768!4f13.1!3m3!1m2!1s0x4741c28b5e68821b%3A0x81aaec92af45dba8!2zQWJhY3VzYW4gU3TDumRpw7M!5e0!3m2!1shu!2shu!4v1693579117702!5m2!1shu!2shu\" width=\"600\" height=\"450\" style=\"border:0;\" allowfullscreen=\"\" loading=\"lazy\" referrerpolicy=\"no-referrer-when-downgrade\"><\/iframe>\t\t\t\t<\/div>\n\t\t\t\t<\/div>\n\t\t\t\t<\/div>\n\t\t<div class=\"elementor-element elementor-element-959cd5c e-con-full e-flex e-con e-child\" data-id=\"959cd5c\" data-element_type=\"container\" data-e-type=\"container\">\n\t\t\t\t<div class=\"elementor-element elementor-element-6c2f75d elementor-widget elementor-widget-text-editor\" data-id=\"6c2f75d\" data-element_type=\"widget\" data-e-type=\"widget\" data-widget_type=\"text-editor.default\">\n\t\t\t\t<div class=\"elementor-widget-container\">\n\t\t\t\t\t\t\t\t\t<p><strong>Name:<\/strong> Abacusan St\u00fadi\u00f3 Oktat\u00e1sszervez\u0151 Nonprofit Korl\u00e1tolt Felel\u0151ss\u00e9g\u0171 T\u00e1rsas\u00e1g (Abacusan Studio Educational Centre)<\/p>\n<p><strong>Adress:<\/strong> Hungary, 1193 Budapest, Klapka utca 47.<\/p>\n<p><strong>Location and office:<\/strong> Hungary, 1094 Budapest, P\u00e1va utca 8. 2. floor 203.<\/p>\n<p><strong>Official e-mail:<\/strong> info@abacusan.hu<\/p>\n<p><strong>VAT number:<\/strong> 24658535-2-43<\/p>\n<p><strong>Company registration number:<\/strong> 01-09-175864<\/p>\n<p>Bank: CIB Bank Zrt.<\/p>\n<p>Bank account number: 10700732 \u2013 68019792 \u2013 52000001<\/p>\n<p>Statistic number: 24658535 \u2013 8559 -113 \u2013 01<\/p>\t\t\t\t\t\t\t\t<\/div>\n\t\t\t\t<\/div>\n\t\t\t\t<\/div>\n\t\t\t\t\t<\/div>\n\t\t\t\t<\/div>\n\t\t<div class=\"elementor-element elementor-element-bcc7f75 e-flex e-con-boxed e-con e-parent\" data-id=\"bcc7f75\" data-element_type=\"container\" data-e-type=\"container\">\n\t\t\t\t\t<div class=\"e-con-inner\">\n\t\t\t\t\t<\/div>\n\t\t\t\t<\/div>\n\t\t\t\t<\/div>\n\t\t","protected":false},"excerpt":{"rendered":"<p>Name: Abacusan St\u00fadi\u00f3 Oktat\u00e1sszervez\u0151 Nonprofit Korl\u00e1tolt Felel\u0151ss\u00e9g\u0171 T\u00e1rsas\u00e1g (Abacusan Studio Educational Centre) Adress: Hungary, 1193 Budapest, Klapka utca 47. Location and office: Hungary, 1094 Budapest, P\u00e1va utca 8. 2. floor 203. Official e-mail: info@abacusan.hu VAT number: 24658535-2-43 Company registration number: 01-09-175864 Bank: CIB Bank Zrt. Bank account number: 10700732 \u2013 &hellip;<\/p>\n","protected":false},"author":1,"featured_media":0,"parent":0,"menu_order":0,"comment_status":"closed","ping_status":"closed","template":"","meta":{"_eb_attr":"","footnotes":""},"class_list":["post-2658","page","type-page","status-publish","hentry"],"rttpg_featured_image_url":null,"rttpg_author":{"display_name":"admin","author_link":"http:\/\/abacusan.hu\/en\/author\/admin\/"},"rttpg_comment":0,"rttpg_category":" <a href=\"http:\/\/abacusan.hu\/?taxonomy=translation_priority&#038;term=optional\" rel=\"tag\">Optional<\/a>","rttpg_excerpt":"Name: Abacusan St\u00fadi\u00f3 Oktat\u00e1sszervez\u0151 Nonprofit Korl\u00e1tolt Felel\u0151ss\u00e9g\u0171 T\u00e1rsas\u00e1g (Abacusan Studio Educational Centre) Adress: Hungary, 1193 Budapest, Klapka utca 47. Location and office: Hungary, 1094 Budapest, P\u00e1va utca 8. 2. floor 203. Official e-mail: info@abacusan.hu VAT number: 24658535-2-43 Company registration number: 01-09-175864 Bank: CIB Bank Zrt. Bank account number: 10700732 \u2013 &hellip;","_links":{"self":[{"href":"http:\/\/abacusan.hu\/en\/wp-json\/wp\/v2\/pages\/2658","targetHints":{"allow":["GET"]}}],"collection":[{"href":"http:\/\/abacusan.hu\/en\/wp-json\/wp\/v2\/pages"}],"about":[{"href":"http:\/\/abacusan.hu\/en\/wp-json\/wp\/v2\/types\/page"}],"author":[{"embeddable":true,"href":"http:\/\/abacusan.hu\/en\/wp-json\/wp\/v2\/users\/1"}],"replies":[{"embeddable":true,"href":"http:\/\/abacusan.hu\/en\/wp-json\/wp\/v2\/comments?post=2658"}],"version-history":[{"count":4,"href":"http:\/\/abacusan.hu\/en\/wp-json\/wp\/v2\/pages\/2658\/revisions"}],"predecessor-version":[{"id":3406,"href":"http:\/\/abacusan.hu\/en\/wp-json\/wp\/v2\/pages\/2658\/revisions\/3406"}],"wp:attachment":[{"href":"http:\/\/abacusan.hu\/en\/wp-json\/wp\/v2\/media?parent=2658"}],"curies":[{"name":"wp","href":"https:\/\/api.w.org\/{rel}","templated":true}]}}